{"id":6,"date":"2017-02-18T17:17:04","date_gmt":"2017-02-18T17:17:04","guid":{"rendered":"http:\/\/www.stunt.hu\/SAS\/?page_id=6"},"modified":"2020-05-27T18:43:46","modified_gmt":"2020-05-27T16:43:46","slug":"stunt-association-hungary","status":"publish","type":"page","link":"https:\/\/www.stunt.hu\/SAS\/","title":{"rendered":"Stunt Association Hungary"},"content":{"rendered":"<div class=\"be-section         clearfix\" data-headerscheme=\"background--light\" style=\" background-color: #000000;\"  ><div class=\"be-section-pad clearfix be-edge-padding\" style=\" padding-top:25px;padding-bottom:80px;padding-left:5%; padding-right:5%;\" data-padding-top = \"25\"><div  class=\"be-row  \"><div  class=\"one-col column-block clearfix  no-background    \" data-animation=\"\" style=\"  \"><div class=\"be-custom-column-inner\"><div class=\"call-to-action be-shortcode clearfix  be-animate\" data-animation=\"zoomIn\" style=\"background: #191919\"><h1 class=\"action-content\" style=\"color:#fdd257;\">V\u00e1rja felk\u00e9r\u00e9s\u00fcket!<\/h1><\/div><\/div><\/div><\/div><div  class=\"be-row be-wrap clearfix \"><div  class=\"one-fourth column-block  no-background    \" data-animation=\"\" style=\"  \"><div class=\"be-custom-column-inner\"><\/div><\/div><div  class=\"one-half column-block  no-background    \" data-animation=\"\" style=\"  \"><div class=\"be-custom-column-inner\"><div class=\"special-heading-wrap style1 be-animate 0\" data-animation=\"fadeInDown\"><div class=\"special-heading align-center\"><h1 class=\"special-h-tag\" style=\"color: #fdd257\">Guly\u00e1s-Kiss Zolt\u00e1n<\/h1><\/div><\/div><p style=\"text-align: center;\"><span style=\"font-size: 14pt;\">Elismert Akci\u00f3 Rendez\u0151, Kaszkad\u0151rszak\u00e9rt\u0151, Kaszkad\u0151rkoordin\u00e1tor<\/span><\/p>\n<p style=\"text-align: center;\"><span style=\"font-size: 14pt;\">\u00e9s Kaszkad\u0151rcsapata<\/span><\/p>\n<div class=\"special-heading-wrap style1 be-animate 0\" data-animation=\"fadeInLeft\"><div class=\"special-heading align-center\"><h3 class=\"special-h-tag\" style=\"color: #fdd257\">T\u00f6bb sz\u00e1z hazai \u00e9s nemzetk\u00f6zi proukci\u00f3 magasszint\u0171 v\u00e9grehajt\u00e1sa<\/h3><\/div><\/div><div class=\"be-text-block be-animate \" data-animation=\"fadeInRight\"><p style=\"text-align: center;\"><span style=\"font-size: 14pt;\">Professzionalizmus \u00e9s teljes k\u00f6r\u0171 kiszolg\u00e1l\u00e1s<\/span><\/p>\n<\/div><\/div><\/div><div  class=\"one-fourth column-block  no-background    \" data-animation=\"\" style=\"  \"><div class=\"be-custom-column-inner\"><\/div><\/div><\/div><div  class=\"be-row be-wrap clearfix \"><div  class=\"one-fourth column-block  no-background    \" data-animation=\"\" style=\"  \"><div class=\"be-custom-column-inner\"><\/div><\/div><div  class=\"one-half column-block  no-background    \" data-animation=\"\" style=\"  \"><div class=\"be-custom-column-inner\"><div class=\"special-heading-wrap style1 be-animate 0\" data-animation=\"fadeInLeft\"><div class=\"special-heading align-center\"><h3 class=\"special-h-tag\" style=\"color: #fdd257\">Minden ig\u00e9nyt kiel\u00e9g\u00edt\u0151 rekvizit \u00e9s m\u0171szaki h\u00e1tt\u00e9r<\/h3><\/div><\/div><p style=\"text-align: center;\"><span style=\"font-size: 14pt;\">Elv\u00e9gzett feladatok sz\u00e9les sk\u00e1l\u00e1ja <\/span><\/p>\n<p style=\"text-align: center;\"><span style=\"font-size: 14pt;\">felk\u00e9sz\u00fclt tagokkal<\/span><\/p>\n<div class=\"special-heading-wrap style1 be-animate 0\" data-animation=\"fadeInRight\"><div class=\"special-heading align-center\"><h3 class=\"special-h-tag\" style=\"color: #fdd257\">Saj\u00e1t B\u00e1zis<\/h3><\/div><\/div><div class=\"be-text-block be-animate \" data-animation=\"fadeInLeft\"><p style=\"text-align: center;\"><span style=\"font-size: 14pt;\">Helysz\u00ednek, melyek a felk\u00e9sz\u00fcl\u00e9st seg\u00edtik el\u0151 \u00e9s egyben lehet\u0151s\u00e9get ny\u00fajtanak a felv\u00e1llalt feladatok balesetmentes v\u00e9grehajt\u00e1s\u00e1hoz&nbsp;n\u00e9lk\u00fcl\u00f6zhetetlen speci\u00e1lis pr\u00f3b\u00e1kra<\/span><\/p>\n<\/div><\/div><\/div><div  class=\"one-fourth column-block  no-background    \" data-animation=\"\" style=\"  \"><div class=\"be-custom-column-inner\"><\/div><\/div><\/div><div  class=\"be-row be-wrap clearfix \"><div  class=\"one-fourth column-block  no-background    \" data-animation=\"\" style=\"  \"><div class=\"be-custom-column-inner\"><\/div><\/div><div  class=\"one-half column-block  no-background    \" data-animation=\"\" style=\"  \"><div class=\"be-custom-column-inner\"><div class=\"special-heading-wrap style1 be-animate 0\" data-animation=\"fadeInLeft\"><div class=\"special-heading align-center\"><h3 class=\"special-h-tag\" style=\"color: #fdd257\">K\u00e9pzett kaszkad\u0151rlovak<\/h3><\/div><\/div><\/div><\/div><div  class=\"one-fourth column-block  no-background    \" data-animation=\"\" style=\"  \"><div class=\"be-custom-column-inner\"><\/div><\/div><\/div><div  class=\"be-row be-wrap clearfix \"><div  class=\"one-col column-block clearfix  no-background    \" data-animation=\"\" style=\"  \"><div class=\"be-custom-column-inner\"><div class=\"display-block\"><div class=\"animate-icon-module-style1-wrap-container\"><div class=\"animate-icon-module-style1-wrap clearfix\" style=\"height: 150px;\" data-gutter-width=\"30\"><a href=\"#\" class=\"animate-icon-module-style1 be-bg-cover animate-icon-module  fade-animate\" data-bg-color=\"#000000\" data-hover-bg-color=\"#0a0a0a\" style=\"margin-bottom: 30px; background-color: #000000; \"><div class=\"animate-icon-module-normal-content\"><div class=\"display-table\"><div class=\"display-table-cell vertical-align-middle\"><i class=\"font-icon icon-icon_phone\" style=\"font-size: 20px;color: #fdd257;\"><\/i><H3 class=\"title_content\" style=\"color: #fdd257;\">+36-30-941-7210<\/H3><\/div><\/div><\/div><div class=\"animate-icon-module-hover-content\"><div class=\"display-table\"><div class=\"display-table-cell vertical-align-middle\">Guly\u00e1s-Kiss Zolt\u00e1n<\/div><\/div><\/div><\/a><a href=\"mailto:gulyas@stunt.hu\" class=\"animate-icon-module-style1 be-bg-cover animate-icon-module  fade-animate\" data-bg-color=\"#000000\" data-hover-bg-color=\"#0a0a0a\" style=\"margin-bottom: 30px; background-color: #000000; \"><div class=\"animate-icon-module-normal-content\"><div class=\"display-table\"><div class=\"display-table-cell vertical-align-middle\"><i class=\"font-icon icon-email\" style=\"font-size: 20px;color: #fdd257;\"><\/i><H3 class=\"title_content\" style=\"color: #fdd257;\">E-mail k\u00fcld\u00e9s<\/H3><\/div><\/div><\/div><div class=\"animate-icon-module-hover-content\"><div class=\"display-table\"><div class=\"display-table-cell vertical-align-middle\">gulyas@stunt.hu<\/div><\/div><\/div><\/a><a href=\"https:\/\/www.facebook.com\/Stunt-Association-Hungary-271968070816\/\" class=\"animate-icon-module-style1 be-bg-cover animate-icon-module  fade-animate\" data-bg-color=\"#000000\" data-hover-bg-color=\"#0a0a0a\" style=\"margin-bottom: 30px; background-color: #000000; \"><div class=\"animate-icon-module-normal-content\"><div class=\"display-table\"><div class=\"display-table-cell vertical-align-middle\"><i class=\"font-icon icon-facebook4\" style=\"font-size: 25px;color: #fdd257;\"><\/i><H3 class=\"title_content\" style=\"color: #fdd257;\">Facebook oldalunk <\/H3><\/div><\/div><\/div><div class=\"animate-icon-module-hover-content\"><div class=\"display-table\"><div class=\"display-table-cell vertical-align-middle\">Keresse fel a Sz\u00f6vets\u00e9g Facebook oldal\u00e1t!<\/div><\/div><\/div><\/a><\/div><\/div><\/div><\/div><\/div><\/div><\/div><\/div>","protected":false},"excerpt":{"rendered":"<p>V\u00e1rja felk\u00e9r\u00e9s\u00fcket!Guly\u00e1s-Kiss Zolt\u00e1nElismert Akci\u00f3 Rendez\u0151, Kaszkad\u0151rszak\u00e9rt\u0151, Kaszkad\u0151rkoordin\u00e1tor \u00e9s Kaszkad\u0151rcsapata T\u00f6bb sz\u00e1z hazai \u00e9s nemzetk\u00f6zi proukci\u00f3 magasszint\u0171 v\u00e9grehajt\u00e1saProfesszionalizmus \u00e9s teljes k\u00f6r\u0171 kiszolg\u00e1l\u00e1s Minden ig\u00e9nyt kiel\u00e9g\u00edt\u0151 rekvizit \u00e9s m\u0171szaki h\u00e1tt\u00e9rElv\u00e9gzett feladatok sz\u00e9les [&hellip;]<\/p>\n<p><a href=\"https:\/\/www.stunt.hu\/SAS\/\" class=\"more-link style1-button\">Read More<\/a><\/p>","protected":false},"author":1,"featured_media":0,"parent":0,"menu_order":0,"comment_status":"closed","ping_status":"closed","template":"","meta":{"footnotes":""},"class_list":["post-6","page","type-page","status-publish","hentry"],"_links":{"self":[{"href":"https:\/\/www.stunt.hu\/SAS\/wp-json\/wp\/v2\/pages\/6"}],"collection":[{"href":"https:\/\/www.stunt.hu\/SAS\/wp-json\/wp\/v2\/pages"}],"about":[{"href":"https:\/\/www.stunt.hu\/SAS\/wp-json\/wp\/v2\/types\/page"}],"author":[{"embeddable":true,"href":"https:\/\/www.stunt.hu\/SAS\/wp-json\/wp\/v2\/users\/1"}],"replies":[{"embeddable":true,"href":"https:\/\/www.stunt.hu\/SAS\/wp-json\/wp\/v2\/comments?post=6"}],"version-history":[{"count":1,"href":"https:\/\/www.stunt.hu\/SAS\/wp-json\/wp\/v2\/pages\/6\/revisions"}],"predecessor-version":[{"id":7,"href":"https:\/\/www.stunt.hu\/SAS\/wp-json\/wp\/v2\/pages\/6\/revisions\/7"}],"wp:attachment":[{"href":"https:\/\/www.stunt.hu\/SAS\/wp-json\/wp\/v2\/media?parent=6"}],"curies":[{"name":"wp","href":"https:\/\/api.w.org\/{rel}","templated":true}]}}