{"id":974,"date":"2022-03-12T20:24:19","date_gmt":"2022-03-12T19:24:19","guid":{"rendered":"http:\/\/www.stunt.hu\/SAS\/?page_id=974"},"modified":"2024-09-18T21:17:21","modified_gmt":"2024-09-18T19:17:21","slug":"felszereles-2","status":"publish","type":"page","link":"https:\/\/www.stunt.hu\/SAS\/felszereles-2\/","title":{"rendered":"\u00daJ PK alap\u00fa Kaszkad\u0151r k\u00e9pz\u00e9s &#8211; Stunt Academy"},"content":{"rendered":"<div class=\"be-section         clearfix\" data-headerscheme=\"background--light\" style=\" background-color: #000000;\"  ><div class=\"be-section-pad clearfix \" style=\" padding-top:25px;padding-bottom:80px;\" data-padding-top = \"25\"><div  class=\"be-row be-wrap clearfix \"><div  class=\"one-col column-block clearfix  no-background    \" data-animation=\"\" style=\"  \"><div class=\"be-custom-column-inner\"><div class=\"special-heading-wrap style1 be-animate 0\" data-animation=\"zoomIn\"><div class=\"special-heading align-center\"><h1 class=\"special-h-tag\" style=\"color: #fdd257\">KASZKAD\u0150R K\u00c9PZ\u00c9S - STUNT ACADEMY<\/h1><div class=\"sep-with-icon-wrap margin-bottom\"><span class=\"sep-with-icon\" style=\"background-color:#fdd257;border-color:#fdd257;color:#fdd257;height:1px;width:35px;\" ><\/span><i class=\"sep-icon font-icon icon-icon_star\" style=\"color:#fdd257;\"><\/i><span class=\"sep-with-icon\" style=\"background-color:#fdd257;border-color:#fdd257;color:#fdd257;height:1px;width:35px;\" ><\/span><\/div><\/div><\/div><\/div><\/div><\/div><div class=\"be-row-wrap be-column-spacing clearfix\" style=\"border-spacing:25px 0;\"><div id = \"forgozsamoly\" class=\"be-row be-wrap  \"><div  class=\"one-half column-block  no-background    \" data-animation=\"\" style=\"  \"><div class=\"be-custom-column-inner\"><iframe class=\"youtube\" id=\"be-vimeo--ck2BBKurKM\" src=\"https:\/\/youtube.com\/embed\/-ck2BBKurKM?rel=0&wmode=transparent\" style=\"border: none;\" allowfullscreen><\/iframe><div class=\"linebreak \" style=\"height:100px;\"><\/div><\/div><\/div><div  class=\"one-half column-block  no-background    \" data-animation=\"\" style=\"  \"><div class=\"be-custom-column-inner\"><iframe class=\"youtube\" id=\"be-vimeo-D5Xx8zWQnuI\" src=\"https:\/\/youtube.com\/embed\/D5Xx8zWQnuI?rel=0&wmode=transparent\" style=\"border: none;\" allowfullscreen><\/iframe><div class=\"linebreak \" style=\"height:100px;\"><\/div><\/div><\/div><\/div><\/div><div  class=\"be-row be-wrap clearfix \"><div  class=\"one-col column-block clearfix  no-background    \" data-animation=\"\" style=\"  \"><div class=\"be-custom-column-inner\"><p>&nbsp;<\/p>\n<p style=\"text-align: center;\"><span style=\"font-size: 14pt;\"><span style=\"vertical-align: inherit;\"><span style=\"vertical-align: inherit;\">A F\u00dcGGETLEN MAGYAR KASZKAD\u0150R\u00d6K SZ\u00d6VETS\u00c9GE&nbsp;<\/span><\/span><\/span><\/p>\n<p style=\"text-align: center;\"><span style=\"font-size: 14pt;\"><span style=\"vertical-align: inherit;\"><span style=\"vertical-align: inherit;\">MAGYARORSZ\u00c1G LEGR\u00c9GEBBI KASZKAD\u0150RK\u00c9PZ\u00c9SI<\/span><\/span><\/span><\/p>\n<p style=\"text-align: center;\"><span style=\"font-size: 14pt;\"><span style=\"vertical-align: inherit;\"><span style=\"vertical-align: inherit;\">JOGOSULTS\u00c1GGAL RENDELKEZ\u0150 SZAKMAI SZERVEZETE<\/span><\/span><\/span><\/p>\n<p style=\"text-align: center;\"><span style=\"font-size: 14pt;\"><label><span style=\"vertical-align: inherit;\"><span style=\"vertical-align: inherit;\">Feln\u0151ttk\u00e9pz\u00e9si enged\u00e9lysz\u00e1m:&nbsp;<\/span><\/span><\/label><span style=\"vertical-align: inherit;\"><span style=\"vertical-align: inherit;\"> E\/2020\/000296<\/span><\/span><\/span><\/p>\n<p>&nbsp;<\/p>\n<p>&nbsp;<\/p>\n<p>&nbsp;<\/p>\n<p style=\"text-align: center;\"><span style=\"font-size: 24pt;\"><span style=\"vertical-align: inherit;\"><span style=\"vertical-align: inherit;\">2024.04.23.-\u00c1N <\/span><\/span><\/span><\/p>\n<p style=\"text-align: center;\"><span style=\"font-size: 24pt;\"><span style=\"vertical-align: inherit;\"><span style=\"vertical-align: inherit;\">&nbsp;PK RENDSZER\u0170&nbsp; <\/span><\/span><\/span><\/p>\n<p style=\"text-align: center;\"><span style=\"font-size: 24pt;\"><span style=\"vertical-align: inherit;\"><span style=\"vertical-align: inherit;\">KASZKAD\u0150R SZAKK\u00c9PZ\u00c9SEKET IND\u00cdTUNK<\/span><\/span><\/span><\/p>\n<p>&nbsp;<\/p>\n<p>&nbsp;<\/p>\n<div class=\"be-text-block be-animate  already-visible fadeInRight animated\" style=\"text-align: center;\" data-animation=\"fadeInRight\">\n<p><span style=\"font-size: 14pt;\"><span style=\"vertical-align: inherit;\"><span style=\"vertical-align: inherit;\">A k\u00e9pz\u00e9st orsz\u00e1gos, eur\u00f3pa- \u00e9s vil\u00e1gbajnok sportol\u00f3k, v\u00e1logatott keretedz\u0151k, valamint t\u00f6bbsz\u00f6r\u00f6s \u201eGuiness\u201d-rekorder kaszkad\u0151r seg\u00edtik,<\/span><\/span><\/span><\/p>\n<p><span style=\"font-size: 14pt;\"><span style=\"vertical-align: inherit;\"><span style=\"vertical-align: inherit;\">K\u00e9pz\u00e9si id\u0151 900 \u00f3ra<\/span><\/span><\/span><\/p>\n<p><span style=\"font-size: 14pt;\"><span style=\"vertical-align: inherit;\"><span style=\"vertical-align: inherit;\">&nbsp;2 \u00e9v munkagyakorlat&nbsp;<\/span><\/span><\/span><\/p>\n<p><span style=\"font-size: 14pt;\"><span style=\"vertical-align: inherit;\"><span style=\"vertical-align: inherit;\">Guly\u00e1s-Kiss Zolt\u00e1n kaszkad\u0151rszak\u00e9rt\u0151, a Stunt Association Hungary eln\u00f6k\u00e9nek vezet\u00e9s\u00e9vel<\/span><\/span><\/span><\/p>\n<\/div>\n<div class=\"be-text-block be-animate  already-visible fadeInLeft animated\" style=\"text-align: center;\" data-animation=\"fadeInLeft\">\n<p><span style=\"font-size: 14pt;\"><span style=\"vertical-align: inherit;\"><span style=\"vertical-align: inherit;\">Szakmai gyakorlat \u00e9s tov\u00e1bbi munkalehet\u0151s\u00e9g filmforgat\u00e1sokon.<\/span><\/span><\/span><\/p>\n<\/div>\n<p>&nbsp;<\/p>\n<p style=\"text-align: center;\"><span style=\"font-size: 14pt;\"><span style=\"vertical-align: inherit;\"><span style=\"vertical-align: inherit;\">Tov\u00e1bbi inform\u00e1ci\u00f3: +36 30 9417 210 &#8211; Jelentkez\u00e9s: gulyasstunt@gmail.com<\/span><\/span><\/span><\/p>\n<div class=\"call-to-action be-shortcode clearfix  be-animate already-visible zoomIn animated\" data-animation=\"zoomIn\">\n<h1 class=\"action-content\" style=\"text-align: center;\">&nbsp;<\/h1>\n<h1 class=\"action-content\" style=\"text-align: center;\">&nbsp;<\/h1>\n<\/div>\n<\/div><\/div><\/div><div  class=\"be-row be-wrap clearfix \"><div  class=\"one-col column-block clearfix  no-background    \" data-animation=\"\" style=\"  \"><div class=\"be-custom-column-inner\"><p><span style=\"font-size: 14pt;\">Gyalogos kaszkad\u0151r szakmai \u00e9s vizsgak\u00f6vetelm\u00e9nyek:<\/span><\/p>\n<p style=\"text-align: left;\"><span style=\"font-size: 14pt;\"><a href=\"http:\/\/www.stunt.hu\/SAS\/wp-content\/uploads\/2022\/03\/02154085_kaszkador_gyalogos_kaszkadorpdf-1608551619051.pdf\">02154085_kaszkador_gyalogos_kaszkadorpdf-1608551619051<\/a><\/span><\/p>\n<p>&nbsp;<\/p>\n<p><span style=\"font-size: 14pt;\">Lovas kaszkad\u0151r szakmai \u00e9s vizsgak\u00f6vetelm\u00e9nyek:<\/span><\/p>\n<p style=\"text-align: left;\"><span style=\"font-size: 14pt;\"><a href=\"http:\/\/www.stunt.hu\/SAS\/wp-content\/uploads\/2022\/03\/02154088_kaszkador_lovas_kaszkadorpdf-1608551685255.pdf\">02154088_kaszkador_lovas_kaszkadorpdf-1608551685255<\/a><\/span><\/p>\n<p>&nbsp;<\/p>\n<p><span style=\"font-size: 14pt;\">Motoros kaszkad\u0151r szakmai \u00e9s vizsgak\u00f6vetelm\u00e9nyek:<\/span><\/p>\n<p style=\"text-align: left;\"><span style=\"font-size: 14pt;\"><a href=\"http:\/\/www.stunt.hu\/SAS\/wp-content\/uploads\/2022\/03\/02154086_kaszkador_motoros_kaszkadorpdf-1608551646521.pdf\">02154086_kaszkador_motoros_kaszkadorpdf-1608551646521.pdf<\/a><\/span><\/p>\n<p>&nbsp;<\/p>\n<p><span style=\"font-size: 14pt;\">Aut\u00f3s kaszkad\u0151r szakmai \u00e9s vizsgak\u00f6vetelm\u00e9nyek:<\/span><\/p>\n<p style=\"text-align: left;\"><span style=\"font-size: 14pt;\"><a href=\"http:\/\/www.stunt.hu\/SAS\/wp-content\/uploads\/2022\/03\/02154087_kaszkador_autos_kaszkadorpdf-1608551662265.pdf\">02154087_kaszkador_autos_kaszkadorpdf-1608551662265<\/a><\/span><\/p>\n<p>&nbsp;<\/p>\n<p><span style=\"font-size: 14pt;\">Kaszkad\u0151rszak\u00e9rt\u0151 szakmai \u00e9s vizsgak\u00f6vetelm\u00e9nyek:<\/span><\/p>\n<p style=\"text-align: left;\"><span style=\"font-size: 14pt;\"><a href=\"http:\/\/www.stunt.hu\/SAS\/wp-content\/uploads\/2022\/03\/02154089_kaszkadorszakertopdf-1610108089262.pdf\">02154089_kaszkadorszakertopdf-1610108089262<\/a><\/span><\/p>\n<div class=\"linebreak \" style=\"height:400px;\"><\/div><p><strong>F\u00fcggetlen Magyar &nbsp;Kaszkad\u0151r\u00f6k Sz\u00f6vets\u00e9ge<\/strong><\/p>\n<p>\u00fcgyf\u00e9lszolg\u00e1lati rendje:<\/p>\n<p>h\u00e9tf\u0151t\u0151l \u2013 p\u00e9ntekig<\/p>\n<p>8h-t\u00f3l 17-ig<\/p>\n<p>&nbsp;<\/p>\n<p><strong>A feln\u0151tt k\u00e9pz\u00e9sek id\u0151pontja:<\/strong><\/p>\n<p>kedd:&nbsp;&nbsp;20.30h-22.30h<\/p>\n<p>cs\u00fct\u00f6rt\u00f6k: 20.30h-22.30h<\/p>\n<p>&nbsp;<\/p>\n<p><strong>A gyerek foglalkoz\u00e1s id\u0151pontja:<\/strong><\/p>\n<p>szombat: 13-15h<\/p>\n<p>&nbsp;<\/p>\n<p>STUNT-BASE&nbsp; &nbsp; <span style=\"font-size: 12pt;\">1117. Budapest Budafoki \u00fat. 111-113.<\/span><\/p>\n<p>+36-30-941-7210<\/p>\n<p>Panaszkezel\u00e9s:<\/p>\n<div class=\"portfolio-all-wrap 0\"><div class=\"portfolio full-screen full-screen-gutter style1-gutter five-col\" style=\"margin-right: 40px;\" data-action=\"get_be_gallery_with_pagination\" data-paged=\"1\" data-masonry=\"0\" data-source='{\"source\":\"selected\",\"account_name\":\"themeforest\",\"count\":\"10\",\"col\":\"five\",\"masonry\":0}' data-gutter-width=\"40\" data-images-array=\"984,987,988\" data-col=\"five\" data-items-per-load=\"5\" data-hover-style=\"style1-hover\" data-image-grayscale=\"c_to_c\" data-lightbox-type=\"photoswipe\" data-image-source=\"selected\" data-image-effect=\"none\" data-thumb-overlay-color=\"rgba(253,210,87,0.85)\" data-grad-style-color=\"\" data-like-button=\"0\" data-hover-content=\"icon\" data-hover-content-color=\"\" ><div class=\"portfolio-container clickable clearfix portfolio-shortcode be-photoswipe-gallery none \"><div class=\"element be-hoverlay not-wide no-wide-width-height style1-hover c_to_c\" style=\"margin-bottom: 40px !important;\"><div class=\"element-inner\" style=\"margin-left: 40px;\"><a href=\"https:\/\/www.stunt.hu\/SAS\/wp-content\/uploads\/2022\/03\/PANASZLAP-1.jpg\" data-size=\"1005x1536\" data-href=\"https:\/\/www.stunt.hu\/SAS\/wp-content\/uploads\/2022\/03\/PANASZLAP-1.jpg\" class=\"thumb-wrap\" title=\"\"><div class=\"flip-wrap\"><div class=\"flip-img-wrap none-effect\"><img decoding=\"async\" src=\"https:\/\/www.stunt.hu\/SAS\/wp-content\/uploads\/2022\/03\/PANASZLAP-1-650x406.jpg\" alt=\"\" \/><\/div><\/div><div class=\"thumb-overlay\"><div class=\"thumb-bg\" style=\"background-color:rgba(253,210,87,0.85); \"><div class=\"thumb-title-wrap display-table-cell vertical-align-middle align-center fadeIn animated\"><div class=\"thumb-title\" style=\"color:;\"><i class=\"portfolio-overlay-icon\"><\/i><\/div><\/div><\/div><\/div><\/a><a href=\"#\" class=\"custom-like-button no-liked\" data-post-id=\"984\"><i class=\"font-icon icon-icon_heart\"><\/i><span>0<\/span><\/a><\/div><\/div><div class=\"element be-hoverlay not-wide no-wide-width-height style1-hover c_to_c\" style=\"margin-bottom: 40px !important;\"><div class=\"element-inner\" style=\"margin-left: 40px;\"><a href=\"https:\/\/www.stunt.hu\/SAS\/wp-content\/uploads\/2022\/03\/Ke\u0301pernyo\u030bfoto\u0301-2022-03-12-19.55.14.png\" data-size=\"806x1187\" data-href=\"https:\/\/www.stunt.hu\/SAS\/wp-content\/uploads\/2022\/03\/Ke\u0301pernyo\u030bfoto\u0301-2022-03-12-19.55.14.png\" class=\"thumb-wrap\" title=\"\"><div class=\"flip-wrap\"><div class=\"flip-img-wrap none-effect\"><img decoding=\"async\" src=\"https:\/\/www.stunt.hu\/SAS\/wp-content\/uploads\/2022\/03\/Ke\u0301pernyo\u030bfoto\u0301-2022-03-12-19.55.14-650x406.png\" alt=\"\" \/><\/div><\/div><div class=\"thumb-overlay\"><div class=\"thumb-bg\" style=\"background-color:rgba(253,210,87,0.85); \"><div class=\"thumb-title-wrap display-table-cell vertical-align-middle align-center fadeIn animated\"><div class=\"thumb-title\" style=\"color:;\"><i class=\"portfolio-overlay-icon\"><\/i><\/div><\/div><\/div><\/div><\/a><a href=\"#\" class=\"custom-like-button no-liked\" data-post-id=\"987\"><i class=\"font-icon icon-icon_heart\"><\/i><span>0<\/span><\/a><\/div><\/div><div class=\"element be-hoverlay not-wide no-wide-width-height style1-hover c_to_c\" style=\"margin-bottom: 40px !important;\"><div class=\"element-inner\" style=\"margin-left: 40px;\"><a href=\"https:\/\/www.stunt.hu\/SAS\/wp-content\/uploads\/2022\/03\/Ke\u0301pernyo\u030bfoto\u0301-2022-03-12-19.55.23.png\" data-size=\"842x412\" data-href=\"https:\/\/www.stunt.hu\/SAS\/wp-content\/uploads\/2022\/03\/Ke\u0301pernyo\u030bfoto\u0301-2022-03-12-19.55.23.png\" class=\"thumb-wrap\" title=\"\"><div class=\"flip-wrap\"><div class=\"flip-img-wrap none-effect\"><img decoding=\"async\" src=\"https:\/\/www.stunt.hu\/SAS\/wp-content\/uploads\/2022\/03\/Ke\u0301pernyo\u030bfoto\u0301-2022-03-12-19.55.23-650x406.png\" alt=\"\" \/><\/div><\/div><div class=\"thumb-overlay\"><div class=\"thumb-bg\" style=\"background-color:rgba(253,210,87,0.85); \"><div class=\"thumb-title-wrap display-table-cell vertical-align-middle align-center fadeIn animated\"><div class=\"thumb-title\" style=\"color:;\"><i class=\"portfolio-overlay-icon\"><\/i><\/div><\/div><\/div><\/div><\/a><a href=\"#\" class=\"custom-like-button no-liked\" data-post-id=\"988\"><i class=\"font-icon icon-icon_heart\"><\/i><span>0<\/span><\/a><\/div><\/div><\/div><\/div><\/div><\/div><\/div><\/div><\/div><\/div>","protected":false},"excerpt":{"rendered":"<p>KASZKAD\u0150R K\u00c9PZ\u00c9S &#8211; STUNT ACADEMY&nbsp; A F\u00dcGGETLEN MAGYAR KASZKAD\u0150R\u00d6K SZ\u00d6VETS\u00c9GE&nbsp; MAGYARORSZ\u00c1G LEGR\u00c9GEBBI KASZKAD\u0150RK\u00c9PZ\u00c9SI JOGOSULTS\u00c1GGAL RENDELKEZ\u0150 SZAKMAI SZERVEZETE Feln\u0151ttk\u00e9pz\u00e9si enged\u00e9lysz\u00e1m:&nbsp; E\/2020\/000296 &nbsp; &nbsp; &nbsp; 2024.04.23.-\u00c1N &nbsp;PK RENDSZER\u0170&nbsp; KASZKAD\u0150R SZAKK\u00c9PZ\u00c9SEKET IND\u00cdTUNK &nbsp; [&hellip;]<\/p>\n<p><a href=\"https:\/\/www.stunt.hu\/SAS\/felszereles-2\/\" class=\"more-link style1-button\">Read More<\/a><\/p>","protected":false},"author":1,"featured_media":0,"parent":0,"menu_order":0,"comment_status":"closed","ping_status":"closed","template":"","meta":{"footnotes":""},"class_list":["post-974","page","type-page","status-publish","hentry"],"_links":{"self":[{"href":"https:\/\/www.stunt.hu\/SAS\/wp-json\/wp\/v2\/pages\/974"}],"collection":[{"href":"https:\/\/www.stunt.hu\/SAS\/wp-json\/wp\/v2\/pages"}],"about":[{"href":"https:\/\/www.stunt.hu\/SAS\/wp-json\/wp\/v2\/types\/page"}],"author":[{"embeddable":true,"href":"https:\/\/www.stunt.hu\/SAS\/wp-json\/wp\/v2\/users\/1"}],"replies":[{"embeddable":true,"href":"https:\/\/www.stunt.hu\/SAS\/wp-json\/wp\/v2\/comments?post=974"}],"version-history":[{"count":2,"href":"https:\/\/www.stunt.hu\/SAS\/wp-json\/wp\/v2\/pages\/974\/revisions"}],"predecessor-version":[{"id":991,"href":"https:\/\/www.stunt.hu\/SAS\/wp-json\/wp\/v2\/pages\/974\/revisions\/991"}],"wp:attachment":[{"href":"https:\/\/www.stunt.hu\/SAS\/wp-json\/wp\/v2\/media?parent=974"}],"curies":[{"name":"wp","href":"https:\/\/api.w.org\/{rel}","templated":true}]}}